{"id":14,"date":"2025-10-05T13:55:53","date_gmt":"2025-10-05T13:55:53","guid":{"rendered":"http:\/\/elifgultekin.com\/?page_id=14"},"modified":"2025-10-05T14:12:28","modified_gmt":"2025-10-05T14:12:28","slug":"hakkimda","status":"publish","type":"page","link":"http:\/\/elifgultekin.com\/index.php\/hakkimda\/","title":{"rendered":"Hakk\u0131mda"},"content":{"rendered":"\n<p>Ad\u0131m Elif G\u00fcltekin. T\u0131p tarihi ve etik alan\u0131nda \u00e7al\u0131\u015fmaktay\u0131m&#8230;<\/p>\n","protected":false},"excerpt":{"rendered":"<p>Ad\u0131m Elif G\u00fcltekin. T\u0131p tarihi ve etik alan\u0131nda \u00e7al\u0131\u015fmaktay\u0131m&#8230;<\/p>\n","protected":false},"author":1,"featured_media":0,"parent":0,"menu_order":0,"comment_status":"closed","ping_status":"closed","template":"","meta":{"footnotes":""},"class_list":["post-14","page","type-page","status-publish","hentry"],"_links":{"self":[{"href":"http:\/\/elifgultekin.com\/index.php\/wp-json\/wp\/v2\/pages\/14","targetHints":{"allow":["GET"]}}],"collection":[{"href":"http:\/\/elifgultekin.com\/index.php\/wp-json\/wp\/v2\/pages"}],"about":[{"href":"http:\/\/elifgultekin.com\/index.php\/wp-json\/wp\/v2\/types\/page"}],"author":[{"embeddable":true,"href":"http:\/\/elifgultekin.com\/index.php\/wp-json\/wp\/v2\/users\/1"}],"replies":[{"embeddable":true,"href":"http:\/\/elifgultekin.com\/index.php\/wp-json\/wp\/v2\/comments?post=14"}],"version-history":[{"count":3,"href":"http:\/\/elifgultekin.com\/index.php\/wp-json\/wp\/v2\/pages\/14\/revisions"}],"predecessor-version":[{"id":29,"href":"http:\/\/elifgultekin.com\/index.php\/wp-json\/wp\/v2\/pages\/14\/revisions\/29"}],"wp:attachment":[{"href":"http:\/\/elifgultekin.com\/index.php\/wp-json\/wp\/v2\/media?parent=14"}],"curies":[{"name":"wp","href":"https:\/\/api.w.org\/{rel}","templated":true}]}}