{"id":7,"date":"2025-10-05T13:52:33","date_gmt":"2025-10-05T13:52:33","guid":{"rendered":"http:\/\/elifgultekin.com\/?page_id=7"},"modified":"2025-10-05T13:53:22","modified_gmt":"2025-10-05T13:53:22","slug":"kaynaklar","status":"publish","type":"page","link":"http:\/\/elifgultekin.com\/index.php\/kaynaklar\/","title":{"rendered":"Kaynaklar"},"content":{"rendered":"\n<p>Antik Yunan-Roma Klasik Metinler<\/p>\n\n\n\n<p>Antik M\u0131s\u0131r Papir\u00fcsler<\/p>\n\n\n\n<p>Mezopotamya Kil Tabletler<\/p>\n\n\n\n<p>Orta\u00e7a\u011f-R\u00f6nesans-Ayd\u0131nlanma<\/p>\n\n\n\n<p>Arap\u00e7a Klasik Metinler<\/p>\n\n\n\n<p>Fars\u00e7a Klasik Metinler<\/p>\n\n\n\n<p>T\u00fcrk\u00e7e Klasik Metinler<\/p>\n\n\n\n<p>Osmanl\u0131ca Matbu Metinler<\/p>\n","protected":false},"excerpt":{"rendered":"<p>Antik Yunan-Roma Klasik Metinler Antik M\u0131s\u0131r Papir\u00fcsler Mezopotamya Kil Tabletler Orta\u00e7a\u011f-R\u00f6nesans-Ayd\u0131nlanma Arap\u00e7a Klasik Metinler Fars\u00e7a Klasik Metinler T\u00fcrk\u00e7e Klasik Metinler Osmanl\u0131ca Matbu Metinler<\/p>\n","protected":false},"author":1,"featured_media":0,"parent":0,"menu_order":0,"comment_status":"closed","ping_status":"closed","template":"","meta":{"footnotes":""},"class_list":["post-7","page","type-page","status-publish","hentry"],"_links":{"self":[{"href":"http:\/\/elifgultekin.com\/index.php\/wp-json\/wp\/v2\/pages\/7","targetHints":{"allow":["GET"]}}],"collection":[{"href":"http:\/\/elifgultekin.com\/index.php\/wp-json\/wp\/v2\/pages"}],"about":[{"href":"http:\/\/elifgultekin.com\/index.php\/wp-json\/wp\/v2\/types\/page"}],"author":[{"embeddable":true,"href":"http:\/\/elifgultekin.com\/index.php\/wp-json\/wp\/v2\/users\/1"}],"replies":[{"embeddable":true,"href":"http:\/\/elifgultekin.com\/index.php\/wp-json\/wp\/v2\/comments?post=7"}],"version-history":[{"count":2,"href":"http:\/\/elifgultekin.com\/index.php\/wp-json\/wp\/v2\/pages\/7\/revisions"}],"predecessor-version":[{"id":9,"href":"http:\/\/elifgultekin.com\/index.php\/wp-json\/wp\/v2\/pages\/7\/revisions\/9"}],"wp:attachment":[{"href":"http:\/\/elifgultekin.com\/index.php\/wp-json\/wp\/v2\/media?parent=7"}],"curies":[{"name":"wp","href":"https:\/\/api.w.org\/{rel}","templated":true}]}}